{"id":1134,"date":"2020-11-27T13:20:17","date_gmt":"2020-11-27T12:20:17","guid":{"rendered":"https:\/\/cphilarioneslava.educacion.navarra.es\/web\/?page_id=1134"},"modified":"2020-12-14T11:28:31","modified_gmt":"2020-12-14T10:28:31","slug":"colegio-saludable","status":"publish","type":"page","link":"https:\/\/cphilarioneslava.educacion.navarra.es\/web\/colegio-saludable\/","title":{"rendered":"Colegio saludable"},"content":{"rendered":"\n<figure class=\"wp-block-image size-large\"><img loading=\"lazy\" width=\"1024\" height=\"467\" src=\"https:\/\/cphilarioneslava.educacion.navarra.es\/web\/wp-content\/uploads\/2020\/11\/Reciclaje-2-1024x467.jpg\" alt=\"\" class=\"wp-image-1155\" srcset=\"https:\/\/cphilarioneslava.educacion.navarra.es\/web\/wp-content\/uploads\/2020\/11\/Reciclaje-2-1024x467.jpg 1024w, https:\/\/cphilarioneslava.educacion.navarra.es\/web\/wp-content\/uploads\/2020\/11\/Reciclaje-2-300x137.jpg 300w, https:\/\/cphilarioneslava.educacion.navarra.es\/web\/wp-content\/uploads\/2020\/11\/Reciclaje-2-768x350.jpg 768w, https:\/\/cphilarioneslava.educacion.navarra.es\/web\/wp-content\/uploads\/2020\/11\/Reciclaje-2-1536x701.jpg 1536w, https:\/\/cphilarioneslava.educacion.navarra.es\/web\/wp-content\/uploads\/2020\/11\/Reciclaje-2.jpg 1672w\" sizes=\"(max-width: 1024px) 100vw, 1024px\" \/><\/figure>\n\n\n\n<p class=\"has-medium-font-size\">Desde hace unos a\u00f1os, el Colegio P\u00fablico Hilari\u00f3n Eslava promueve h\u00e1bitos saludables para todo el alumnado del colegio. Se trabaja a trav\u00e9s del almuerzo y distintos talleres que se llevan a cabo en todos los niveles de Educaci\u00f3n Infantil y Educaci\u00f3n Primaria.<\/p>\n\n\n\n<figure class=\"wp-block-table\"><table class=\"has-subtle-pale-pink-background-color has-background\"><tbody><tr><td><strong>EDUCACI\u00d3N INFANTIL<\/strong><\/td><\/tr><\/tbody><\/table><\/figure>\n\n\n\n<div class=\"wp-block-media-text alignwide is-stacked-on-mobile is-vertically-aligned-top is-image-fill\" style=\"grid-template-columns:31% auto\"><figure class=\"wp-block-media-text__media\" style=\"background-image:url(https:\/\/cphilarioneslava.educacion.navarra.es\/web\/wp-content\/uploads\/2020\/11\/piqsels.com-id-zrfsy-1024x683.jpg);background-position:50% 50%\"><img loading=\"lazy\" width=\"1024\" height=\"683\" src=\"https:\/\/cphilarioneslava.educacion.navarra.es\/web\/wp-content\/uploads\/2020\/11\/piqsels.com-id-zrfsy-1024x683.jpg\" alt=\"\" class=\"wp-image-1135 size-full\" srcset=\"https:\/\/cphilarioneslava.educacion.navarra.es\/web\/wp-content\/uploads\/2020\/11\/piqsels.com-id-zrfsy-1024x683.jpg 1024w, https:\/\/cphilarioneslava.educacion.navarra.es\/web\/wp-content\/uploads\/2020\/11\/piqsels.com-id-zrfsy-300x200.jpg 300w, https:\/\/cphilarioneslava.educacion.navarra.es\/web\/wp-content\/uploads\/2020\/11\/piqsels.com-id-zrfsy-768x512.jpg 768w, https:\/\/cphilarioneslava.educacion.navarra.es\/web\/wp-content\/uploads\/2020\/11\/piqsels.com-id-zrfsy-1536x1024.jpg 1536w, https:\/\/cphilarioneslava.educacion.navarra.es\/web\/wp-content\/uploads\/2020\/11\/piqsels.com-id-zrfsy-2048x1365.jpg 2048w\" sizes=\"(max-width: 1024px) 100vw, 1024px\" \/><\/figure><div class=\"wp-block-media-text__content\">\n<p class=\"has-normal-font-size\">Se lleva a cabo el programa de&nbsp;<strong>reparto de fruta durante el curso escolar<\/strong> promovido por el Gobierno de Navarra. Se reparten piezas de fruta 3 d\u00edas a la semana. Adem\u00e1s, el colegio cuenta con un Plan semanal de almuerzos saludables para el alumnado en el que se evita la boller\u00eda industrial, chucher\u00edas, zumos y aquellos alimentos que se consideren poco adecuados para la salud de un ni\u00f1o o ni\u00f1a. M\u00e1s informaci\u00f3n <a href=\"https:\/\/www.educacion.navarra.es\/web\/dpto\/programa-escolar-de-consumo-de-frutas-y-verduras\">aqu\u00ed<\/a><\/p>\n<\/div><\/div>\n\n\n\n<p><\/p>\n\n\n\n<p class=\"has-medium-font-size\">En Educaci\u00f3n Primaria son varios los proyectos y talleres que se llevan a cabo para promover los h\u00e1bitos saludables. Algunas de estas actividades son:<\/p>\n\n\n\n<figure class=\"wp-block-table\"><table class=\"has-subtle-pale-pink-background-color has-background\"><tbody><tr><td><strong>EDUCACI\u00d3N PRIMARIA &#8211; 1<sup>ER<\/sup> BLOQUE<\/strong><\/td><\/tr><\/tbody><\/table><\/figure>\n\n\n\n<div class=\"wp-block-media-text alignwide is-stacked-on-mobile is-vertically-aligned-top\" style=\"grid-template-columns:15% auto\"><figure class=\"wp-block-media-text__media\"><img loading=\"lazy\" width=\"183\" height=\"275\" src=\"https:\/\/cphilarioneslava.educacion.navarra.es\/web\/wp-content\/uploads\/2020\/11\/triste-fruta.jpg\" alt=\"\" class=\"wp-image-1142 size-full\"\/><\/figure><div class=\"wp-block-media-text__content\">\n<p class=\"has-normal-font-size\">Participamos en el programa del Ayuntamiento de Pamplona, \u201cLa triste fruta\u201d, sobre los beneficios de la fruta frente a los alimentos procesados.<\/p>\n<\/div><\/div>\n\n\n\n<figure class=\"wp-block-table\"><table class=\"has-subtle-pale-pink-background-color has-background\"><tbody><tr><td><strong>EDUCACI\u00d3N PRIMARIA &#8211; 2\u00ba BLOQUE<\/strong><\/td><\/tr><\/tbody><\/table><\/figure>\n\n\n\n<div class=\"wp-block-media-text alignwide is-stacked-on-mobile is-vertically-aligned-top\" style=\"grid-template-columns:24% auto\"><figure class=\"wp-block-media-text__media\"><img loading=\"lazy\" width=\"1024\" height=\"640\" src=\"https:\/\/cphilarioneslava.educacion.navarra.es\/web\/wp-content\/uploads\/2020\/11\/frog-1646604_1920-1024x640.jpg\" alt=\"\" class=\"wp-image-1145 size-full\" srcset=\"https:\/\/cphilarioneslava.educacion.navarra.es\/web\/wp-content\/uploads\/2020\/11\/frog-1646604_1920-1024x640.jpg 1024w, https:\/\/cphilarioneslava.educacion.navarra.es\/web\/wp-content\/uploads\/2020\/11\/frog-1646604_1920-300x188.jpg 300w, https:\/\/cphilarioneslava.educacion.navarra.es\/web\/wp-content\/uploads\/2020\/11\/frog-1646604_1920-768x480.jpg 768w, https:\/\/cphilarioneslava.educacion.navarra.es\/web\/wp-content\/uploads\/2020\/11\/frog-1646604_1920-1536x960.jpg 1536w, https:\/\/cphilarioneslava.educacion.navarra.es\/web\/wp-content\/uploads\/2020\/11\/frog-1646604_1920.jpg 1920w\" sizes=\"(max-width: 1024px) 100vw, 1024px\" \/><\/figure><div class=\"wp-block-media-text__content\">\n<p>Si consumes seguro, seguro que consumes. Programa del Ayuntamiento de Pamplona.<\/p>\n<\/div><\/div>\n\n\n\n<div class=\"wp-block-media-text alignwide is-stacked-on-mobile is-vertically-aligned-top\" style=\"grid-template-columns:24% auto\"><figure class=\"wp-block-media-text__media\"><img loading=\"lazy\" width=\"1024\" height=\"683\" src=\"https:\/\/cphilarioneslava.educacion.navarra.es\/web\/wp-content\/uploads\/2020\/11\/frog_bike_funny_cute_sweet_fig_drive-484262-1024x683.jpg\" alt=\"\" class=\"wp-image-1148 size-full\" srcset=\"https:\/\/cphilarioneslava.educacion.navarra.es\/web\/wp-content\/uploads\/2020\/11\/frog_bike_funny_cute_sweet_fig_drive-484262-1024x683.jpg 1024w, https:\/\/cphilarioneslava.educacion.navarra.es\/web\/wp-content\/uploads\/2020\/11\/frog_bike_funny_cute_sweet_fig_drive-484262-300x200.jpg 300w, https:\/\/cphilarioneslava.educacion.navarra.es\/web\/wp-content\/uploads\/2020\/11\/frog_bike_funny_cute_sweet_fig_drive-484262-768x512.jpg 768w, https:\/\/cphilarioneslava.educacion.navarra.es\/web\/wp-content\/uploads\/2020\/11\/frog_bike_funny_cute_sweet_fig_drive-484262.jpg 1200w\" sizes=\"(max-width: 1024px) 100vw, 1024px\" \/><\/figure><div class=\"wp-block-media-text__content\">\n<p class=\"has-normal-font-size\">4\u00ba Primaria \u201cH\u00e1bitos saludables. Alimentaci\u00f3n y ejercicio\u201d.<\/p>\n<\/div><\/div>\n\n\n\n<div class=\"wp-block-media-text alignwide is-stacked-on-mobile is-vertically-aligned-top\" style=\"grid-template-columns:24% auto\"><figure class=\"wp-block-media-text__media\"><img loading=\"lazy\" width=\"1024\" height=\"680\" src=\"https:\/\/cphilarioneslava.educacion.navarra.es\/web\/wp-content\/uploads\/2020\/11\/yoga_frogs_relaxed_figures_funny_rest_relaxation_sport-861683-1024x680.jpg\" alt=\"\" class=\"wp-image-1150 size-full\" srcset=\"https:\/\/cphilarioneslava.educacion.navarra.es\/web\/wp-content\/uploads\/2020\/11\/yoga_frogs_relaxed_figures_funny_rest_relaxation_sport-861683-1024x680.jpg 1024w, https:\/\/cphilarioneslava.educacion.navarra.es\/web\/wp-content\/uploads\/2020\/11\/yoga_frogs_relaxed_figures_funny_rest_relaxation_sport-861683-300x199.jpg 300w, https:\/\/cphilarioneslava.educacion.navarra.es\/web\/wp-content\/uploads\/2020\/11\/yoga_frogs_relaxed_figures_funny_rest_relaxation_sport-861683-768x510.jpg 768w, https:\/\/cphilarioneslava.educacion.navarra.es\/web\/wp-content\/uploads\/2020\/11\/yoga_frogs_relaxed_figures_funny_rest_relaxation_sport-861683.jpg 1200w\" sizes=\"(max-width: 1024px) 100vw, 1024px\" \/><\/figure><div class=\"wp-block-media-text__content\">\n<p class=\"has-normal-font-size\">4\u00ba Primaria \u201cHigiene postural\u201d.<\/p>\n<\/div><\/div>\n\n\n\n<figure class=\"wp-block-table\"><table class=\"has-subtle-pale-pink-background-color has-background\"><tbody><tr><td><strong>EDUCACI\u00d3N PRIMARIA &#8211; 3<sup>ER<\/sup> BLOQUE<\/strong><\/td><\/tr><\/tbody><\/table><\/figure>\n\n\n\n<div class=\"wp-block-media-text alignwide is-stacked-on-mobile is-vertically-aligned-center\" style=\"grid-template-columns:29% auto\"><figure class=\"wp-block-media-text__media\"><img loading=\"lazy\" width=\"1024\" height=\"804\" src=\"https:\/\/cphilarioneslava.educacion.navarra.es\/web\/wp-content\/uploads\/2020\/11\/paper_ball_crumpled_paper_ball_map_used_paper_wastepaper-1207425-1024x804.jpg\" alt=\"\" class=\"wp-image-1159 size-full\" srcset=\"https:\/\/cphilarioneslava.educacion.navarra.es\/web\/wp-content\/uploads\/2020\/11\/paper_ball_crumpled_paper_ball_map_used_paper_wastepaper-1207425-1024x804.jpg 1024w, https:\/\/cphilarioneslava.educacion.navarra.es\/web\/wp-content\/uploads\/2020\/11\/paper_ball_crumpled_paper_ball_map_used_paper_wastepaper-1207425-300x236.jpg 300w, https:\/\/cphilarioneslava.educacion.navarra.es\/web\/wp-content\/uploads\/2020\/11\/paper_ball_crumpled_paper_ball_map_used_paper_wastepaper-1207425-768x603.jpg 768w, https:\/\/cphilarioneslava.educacion.navarra.es\/web\/wp-content\/uploads\/2020\/11\/paper_ball_crumpled_paper_ball_map_used_paper_wastepaper-1207425.jpg 1200w\" sizes=\"(max-width: 1024px) 100vw, 1024px\" \/><\/figure><div class=\"wp-block-media-text__content\">\n<p class=\"has-normal-font-size\">En 5\u00ba de Primaria:\u201d Almuerzo sin residuos\u201d, actividad de la Mancomunidad de Pamplona para el compromiso personal y del centro escolar en la reducci\u00f3n de los residuos del almuerzo.<\/p>\n<\/div><\/div>\n\n\n\n<div class=\"wp-block-media-text alignwide is-stacked-on-mobile is-vertically-aligned-center\" style=\"grid-template-columns:28% auto\"><figure class=\"wp-block-media-text__media\"><img loading=\"lazy\" width=\"1024\" height=\"683\" src=\"https:\/\/cphilarioneslava.educacion.navarra.es\/web\/wp-content\/uploads\/2020\/11\/torka-5144918_1920-1024x683.jpg\" alt=\"\" class=\"wp-image-1160 size-full\" srcset=\"https:\/\/cphilarioneslava.educacion.navarra.es\/web\/wp-content\/uploads\/2020\/11\/torka-5144918_1920-1024x683.jpg 1024w, https:\/\/cphilarioneslava.educacion.navarra.es\/web\/wp-content\/uploads\/2020\/11\/torka-5144918_1920-300x200.jpg 300w, https:\/\/cphilarioneslava.educacion.navarra.es\/web\/wp-content\/uploads\/2020\/11\/torka-5144918_1920-768x512.jpg 768w, https:\/\/cphilarioneslava.educacion.navarra.es\/web\/wp-content\/uploads\/2020\/11\/torka-5144918_1920-1536x1024.jpg 1536w, https:\/\/cphilarioneslava.educacion.navarra.es\/web\/wp-content\/uploads\/2020\/11\/torka-5144918_1920.jpg 1920w\" sizes=\"(max-width: 1024px) 100vw, 1024px\" \/><\/figure><div class=\"wp-block-media-text__content\">\n<p class=\"has-normal-font-size\">En 5\u00ba de Primaria: Taller de consumo responsable, \u201dConsumi\u00e9ndonos\u201d, para analizar nuestros h\u00e1bitos de consumo y su impacto en el medio ambiente.<\/p>\n<\/div><\/div>\n\n\n\n<div class=\"wp-block-media-text alignwide is-stacked-on-mobile is-vertically-aligned-center\" style=\"grid-template-columns:29% auto\"><figure class=\"wp-block-media-text__media\"><img loading=\"lazy\" width=\"1024\" height=\"682\" src=\"https:\/\/cphilarioneslava.educacion.navarra.es\/web\/wp-content\/uploads\/2020\/11\/stop-4036139_1920-1024x682.jpg\" alt=\"\" class=\"wp-image-1161 size-full\" srcset=\"https:\/\/cphilarioneslava.educacion.navarra.es\/web\/wp-content\/uploads\/2020\/11\/stop-4036139_1920-1024x682.jpg 1024w, https:\/\/cphilarioneslava.educacion.navarra.es\/web\/wp-content\/uploads\/2020\/11\/stop-4036139_1920-300x200.jpg 300w, https:\/\/cphilarioneslava.educacion.navarra.es\/web\/wp-content\/uploads\/2020\/11\/stop-4036139_1920-768x512.jpg 768w, https:\/\/cphilarioneslava.educacion.navarra.es\/web\/wp-content\/uploads\/2020\/11\/stop-4036139_1920-1536x1023.jpg 1536w, https:\/\/cphilarioneslava.educacion.navarra.es\/web\/wp-content\/uploads\/2020\/11\/stop-4036139_1920.jpg 1920w\" sizes=\"(max-width: 1024px) 100vw, 1024px\" \/><\/figure><div class=\"wp-block-media-text__content\">\n<p class=\"has-normal-font-size\">En 6\u00ba de Primaria: \u201cTaller sobre las consecuencias del consumo de tabaco\u201d a cargo de la psic\u00f3loga de la Asociaci\u00f3n Navarra contra el C\u00e1ncer ya que se trata de prevenir el consumo de tabaco constatado en 1\u00ba de la ESO.<\/p>\n<\/div><\/div>\n","protected":false},"excerpt":{"rendered":"<p>Desde hace unos a\u00f1os, el Colegio P\u00fablico Hilari\u00f3n Eslava promueve h\u00e1bitos saludables para todo el alumnado del colegio. Se trabaja a trav\u00e9s del almuerzo y distintos talleres que se llevan a cabo en todos los niveles de Educaci\u00f3n Infantil y Educaci\u00f3n Primaria. EDUCACI\u00d3N INFANTIL Se lleva a cabo el programa de&nbsp;reparto de fruta durante el [&hellip;]<\/p>\n","protected":false},"author":1,"featured_media":1211,"parent":0,"menu_order":0,"comment_status":"closed","ping_status":"closed","template":"","meta":{"_genesis_hide_title":false,"_genesis_hide_breadcrumbs":false,"_genesis_hide_singular_image":false,"_genesis_hide_footer_widgets":false,"_genesis_custom_body_class":"","_genesis_custom_post_class":"","_genesis_layout":""},"_links":{"self":[{"href":"https:\/\/cphilarioneslava.educacion.navarra.es\/web\/wp-json\/wp\/v2\/pages\/1134"}],"collection":[{"href":"https:\/\/cphilarioneslava.educacion.navarra.es\/web\/wp-json\/wp\/v2\/pages"}],"about":[{"href":"https:\/\/cphilarioneslava.educacion.navarra.es\/web\/wp-json\/wp\/v2\/types\/page"}],"author":[{"embeddable":true,"href":"https:\/\/cphilarioneslava.educacion.navarra.es\/web\/wp-json\/wp\/v2\/users\/1"}],"replies":[{"embeddable":true,"href":"https:\/\/cphilarioneslava.educacion.navarra.es\/web\/wp-json\/wp\/v2\/comments?post=1134"}],"version-history":[{"count":20,"href":"https:\/\/cphilarioneslava.educacion.navarra.es\/web\/wp-json\/wp\/v2\/pages\/1134\/revisions"}],"predecessor-version":[{"id":1212,"href":"https:\/\/cphilarioneslava.educacion.navarra.es\/web\/wp-json\/wp\/v2\/pages\/1134\/revisions\/1212"}],"wp:featuredmedia":[{"embeddable":true,"href":"https:\/\/cphilarioneslava.educacion.navarra.es\/web\/wp-json\/wp\/v2\/media\/1211"}],"wp:attachment":[{"href":"https:\/\/cphilarioneslava.educacion.navarra.es\/web\/wp-json\/wp\/v2\/media?parent=1134"}],"curies":[{"name":"wp","href":"https:\/\/api.w.org\/{rel}","templated":true}]}}