{"id":33,"date":"2018-06-06T13:18:20","date_gmt":"2018-06-06T11:18:20","guid":{"rendered":"https:\/\/cphilarioneslava.educacion.navarra.es\/web\/?page_id=33"},"modified":"2026-03-05T12:08:42","modified_gmt":"2026-03-05T11:08:42","slug":"matriculacion","status":"publish","type":"page","link":"https:\/\/cphilarioneslava.educacion.navarra.es\/web\/matriculacion\/","title":{"rendered":"\ufffcMatriculaci\u00f3n"},"content":{"rendered":"\n<h2 class=\"has-text-align-center\" id=\"ven-y-conocenos\">\u00a1Ven y con\u00f3cenos!<\/h2>\n\n\n\n<h2 class=\"has-text-align-center\" id=\"visitas-al-centro-para-familias-nuevas\">Visitas al centro para familias nuevas<\/h2>\n\n\n\n<div class=\"wp-block-media-text alignwide\"><figure class=\"wp-block-media-text__media\"><img loading=\"lazy\" width=\"350\" height=\"215\" src=\"https:\/\/cphilarioneslava.educacion.navarra.es\/web\/wp-content\/uploads\/2020\/03\/contact-us-communication-email-phone-royalty-free-thumbnail.jpg\" alt=\"\" class=\"wp-image-543 size-full\" srcset=\"https:\/\/cphilarioneslava.educacion.navarra.es\/web\/wp-content\/uploads\/2020\/03\/contact-us-communication-email-phone-royalty-free-thumbnail.jpg 350w, https:\/\/cphilarioneslava.educacion.navarra.es\/web\/wp-content\/uploads\/2020\/03\/contact-us-communication-email-phone-royalty-free-thumbnail-300x184.jpg 300w\" sizes=\"(max-width: 350px) 100vw, 350px\" \/><\/figure><div class=\"wp-block-media-text__content\">\n<p class=\"has-large-font-size\">Solicita cita previa <a rel=\"noreferrer noopener\" aria-label=\"aqu\u00ed (se abre en una nueva pesta\u00f1a)\" href=\"https:\/\/cphilarioneslava.educacion.navarra.es\/web\/contacto\/\" target=\"_blank\">aqu\u00ed<\/a>.<\/p>\n<\/div><\/div>\n\n\n\n<p> <\/p>\n\n\n\n<h2 id=\"normativa-y-plazos-para-el-curso-2022-23\">Normativa y plazos para el curso 2026-27<\/h2>\n\n\n\n<p><\/p>\n\n\n\n<div class=\"wp-block-media-text alignwide\" style=\"grid-template-columns:31% auto\"><figure class=\"wp-block-media-text__media\"><img loading=\"lazy\" width=\"300\" height=\"206\" src=\"https:\/\/cphilarioneslava.educacion.navarra.es\/web\/wp-content\/uploads\/2020\/03\/tick-642162_1920-300x206.jpg\" alt=\"\" class=\"wp-image-546 size-full\" srcset=\"https:\/\/cphilarioneslava.educacion.navarra.es\/web\/wp-content\/uploads\/2020\/03\/tick-642162_1920-300x206.jpg 300w, https:\/\/cphilarioneslava.educacion.navarra.es\/web\/wp-content\/uploads\/2020\/03\/tick-642162_1920-1024x702.jpg 1024w, https:\/\/cphilarioneslava.educacion.navarra.es\/web\/wp-content\/uploads\/2020\/03\/tick-642162_1920-768x526.jpg 768w, https:\/\/cphilarioneslava.educacion.navarra.es\/web\/wp-content\/uploads\/2020\/03\/tick-642162_1920-1536x1053.jpg 1536w, https:\/\/cphilarioneslava.educacion.navarra.es\/web\/wp-content\/uploads\/2020\/03\/tick-642162_1920.jpg 1920w\" sizes=\"(max-width: 300px) 100vw, 300px\" \/><\/figure><div class=\"wp-block-media-text__content\">\n<p class=\"has-text-align-left has-medium-font-size\"><strong>1<sup>er<\/sup> Ciclo de Educaci\u00f3n Infantil (Escuela Infantil 0-3).<\/strong>  <a href=\"https:\/\/www.educacion.navarra.es\/web\/dpto\/primer-ciclo-de-educacion-infantil\">Accede a toda la informaci\u00f3n aqu\u00ed<\/a>.<\/p>\n\n\n\n<p>Las solicitudes se presentar\u00e1n por v\u00eda telem\u00e1tica del <strong>23 de febrero al 6 de marzo<\/strong>.  <a href=\"http:\/\/educa.navarra.es\">Realiza tu preinscripci\u00f3n aqu\u00ed<\/a> <\/p>\n\n\n\n<p>Si deseas hacerla de forma presencial hay que ir al Museo de Educaci\u00f3n Ambiental en la C\/ Errotazar 21 bis de Pamplona.<\/p>\n\n\n\n<p class=\"has-text-align-left has-medium-font-size\"><\/p>\n\n\n\n<p class=\"has-text-align-left has-medium-font-size\"><strong>Educaci\u00f3n Primaria y 2\u00ba Ciclo de Educaci\u00f3n Infantil. Accede a la convocatoria<\/strong> <a rel=\"noreferrer noopener\" href=\"https:\/\/www.navarra.es\/es\/tramites\/on\/-\/line\/preinscripcion-y-matricula-del-alumnado-de-segundo-ciclo-de-educacion-infantil-y-primaria?pageBackId=7575166&amp;back=true\" target=\"_blank\">aqu\u00ed<\/a>.<\/p>\n\n\n\n<p>Las solicitudes se presentar\u00e1n por v\u00eda telem\u00e1tica del <strong>9 al 13 de marzo.<\/strong> <a href=\"http:\/\/educa.navarra.es\">Realiza tu preinscripci\u00f3n aqu\u00ed.<\/a> Si se desea realizar de forma presencial, se puede delegar en el centro acudiendo a secretar\u00eda.<\/p>\n\n\n\n<p class=\"has-text-align-right has-normal-font-size\"><strong><a href=\"https:\/\/cphilarioneslava.educacion.navarra.es\/web\/wp-content\/uploads\/2026\/03\/Solicitud-INF-PRIM-26-27-plazo-ordinario.pdf\">Accede aqu\u00ed al impreso solicitud de plaza en periodo ordinario<\/a><\/strong><\/p>\n\n\n\n<p class=\"has-text-align-right has-normal-font-size\"><strong><a href=\"https:\/\/www.navarra.es\/es\/tramites\/on\/-\/line\/preinscripcion-y-matricula-del-alumnado-de-segundo-ciclo-de-educacion-infantil-y-primaria?pageBackId=7575166&amp;back=true\">Accede aqu\u00ed al impreso solicitud fuera de plazo<\/a><\/strong><\/p>\n\n\n\n<p class=\"has-text-align-right has-normal-font-size\"><strong><a href=\"https:\/\/www.navarra.es\/es\/tramites\/on\/-\/line\/preinscripcion-y-matricula-del-alumnado-de-segundo-ciclo-de-educacion-infantil-y-primaria?pageBackId=7575166&amp;back=true\">Accede aqu\u00ed al impreso solicitud posterior al inicio de curso<\/a><\/strong><\/p>\n\n\n\n<p class=\"has-text-align-right has-normal-font-size\"><strong><a href=\"https:\/\/cphilarioneslava.educacion.navarra.es\/web\/wp-content\/uploads\/2023\/10\/Ficha-de-Matricula-1.pdf\">Accede aqu\u00ed al impreso de matr\u00edcula<\/a><\/strong><\/p>\n<\/div><\/div>\n\n\n\n<p class=\"has-large-font-size\"><strong>Aviso para las preinscripciones del curso 2026-27<\/strong><\/p>\n\n\n\n<p class=\"has-medium-font-size\">Los documentos que hay que adjuntar para la preinscripci\u00f3n y matr\u00edcula tanto telem\u00e1ticamente como de forma presencial son los siguientes:<\/p>\n\n\n\n<figure class=\"wp-block-table is-style-regular\"><table class=\"has-background\" style=\"background-color:#e9fbe5\"><thead><tr><th class=\"has-text-align-center\" data-align=\"center\"><sup>Preinscripci\u00f3n<\/sup><br><sup>o<\/sup><br><sup>Matr\u00edcula<\/sup><\/th><th>Documentos Obligatorios<\/th><\/tr><\/thead><tbody><tr><td class=\"has-text-align-center\" data-align=\"center\">P \/ M<\/td><td>Fotocopia del libro de familia del alumno\/a. <strong>Si es extranjero\/a, partida de nacimiento y pasaporte<\/strong><\/td><\/tr><tr><td class=\"has-text-align-center\" data-align=\"center\">M<\/td><td>Fotocopia de la tarjeta sanitaria del alumno\/a<\/td><\/tr><tr><td class=\"has-text-align-center\" data-align=\"center\">M<\/td><td>Fotocopia de la cartilla de vacunaci\u00f3n del alumno\/a u otro documento m\u00e9dico donde figuren las dosis de vacunas recibidas o revisi\u00f3n m\u00e9dica realizada. <\/td><\/tr><tr><td class=\"has-text-align-center\" data-align=\"center\">M<\/td><td>Fotocopia de Informes m\u00e9dicos relacionados con el estado de salud y que el centro deba saber<\/td><\/tr><tr><td class=\"has-text-align-center\" data-align=\"center\">M<\/td><td>Fotocopia del DNI o <strong>Tarjeta de residencia y pasaporte<\/strong> de los padres o tutores.<\/td><\/tr><tr><td class=\"has-text-align-center\" data-align=\"center\">M<\/td><td>Fotocopia de la 1\u00aa p\u00e1gina de la cartilla bancaria o impreso en el que aparezcan los titulares y el n\u00ba IBAN de cuenta.<\/td><\/tr><tr><td class=\"has-text-align-center\" data-align=\"center\">P<\/td><td>Solicitud oficial de admisi\u00f3n (disponible en secretar\u00eda del colegio o telem\u00e1ticamente)<\/td><\/tr><tr><td class=\"has-text-align-center\" data-align=\"center\">M<\/td><td>Ficha oficial de matr\u00edcula (disponible en secetar\u00eda del colegio)<\/td><\/tr><\/tbody><\/table><\/figure>\n\n\n\n<figure class=\"wp-block-table\"><table class=\"has-background\" style=\"background-color:#e7f5fe\"><thead><tr><th class=\"has-text-align-center\" data-align=\"center\"><sup>Preinscripci\u00f3n<\/sup><br><sup>o<br>Matr\u00edcula<\/sup><\/th><th>Documentos Opcionales<\/th><\/tr><\/thead><tbody><tr><td class=\"has-text-align-center\" data-align=\"center\">P<\/td><td>Acreditaci\u00f3n de hermanos o hermanas matriculados en el centro<\/td><\/tr><tr><td class=\"has-text-align-center\" data-align=\"center\">P<\/td><td>Certificado de convivencia del alumno\/a con fecha de alta en el domicilio (pedir en Ayuntamiento)<\/td><\/tr><tr><td class=\"has-text-align-center\" data-align=\"center\">P<\/td><td>Acreditaci\u00f3n del lugar de trabajo<\/td><\/tr><tr><td class=\"has-text-align-center\" data-align=\"center\">P<\/td><td>Autorizaci\u00f3n firmada por ambos progenitores para consultar la declaraci\u00f3n de la renta del a\u00f1o 2024 si la casilla 525 dividida entre el n\u00famero de miembros de la unidad familiar es menor que 16.576 \u20ac&nbsp;.<br>Autorizaci\u00f3n en su caso para consultar en el Departamento de Derechos Sociales la percepci\u00f3n de Renta Garantizada.<\/td><\/tr><tr><td class=\"has-text-align-center\" data-align=\"center\">P<\/td><td>Certificado de discapacidad de al menos un 33% de cualquier miembro de la familia<\/td><\/tr><tr><td class=\"has-text-align-center\" data-align=\"center\">P<\/td><td>Documentaci\u00f3n oficial acreditativa de condici\u00f3n de v\u00edctima de violencia de g\u00e9nero o terrorismo<\/td><\/tr><tr><td class=\"has-text-align-center\" data-align=\"center\">P<\/td><td>Certificaci\u00f3n del centro educativo en el que se especifique la condici\u00f3n de trabajador del padre, madre o tutor legal<\/td><\/tr><tr><td class=\"has-text-align-center\" data-align=\"center\">P<\/td><td>T\u00edtulo oficial de familia numerosa<\/td><\/tr><tr><td class=\"has-text-align-center\" data-align=\"center\">P<\/td><td>Documentaci\u00f3n oficial que acredite la situaci\u00f3n de acogimiento familiar<\/td><\/tr><tr><td class=\"has-text-align-center\" data-align=\"center\">P<\/td><td>T\u00edtulo oficial que acredite la condici\u00f3n de familia monoparental<\/td><\/tr><tr><td class=\"has-text-align-center\" data-align=\"center\">P<\/td><td>Documentaci\u00f3n oficial que acredite la condici\u00f3n de alumnado nacido de parto m\u00faltiple<\/td><\/tr><tr><td class=\"has-text-align-center\" data-align=\"center\">P<\/td><td>Documentaci\u00f3n oficial que acredite la condici\u00f3n de alumnado con Necesidad Espec\u00edfica de Apoyo Educativo<\/td><\/tr><\/tbody><\/table><\/figure>\n\n\n\n<div class=\"wp-block-media-text alignwide is-stacked-on-mobile is-vertically-aligned-top\"><figure class=\"wp-block-media-text__media\"><a href=\"https:\/\/cphilarioneslava.educacion.navarra.es\/web\/wp-content\/uploads\/2021\/03\/71760-MatriculasA52021-PRUEBA2-1.pdf\" target=\"_blank\" rel=\"noopener\"><img loading=\"lazy\" width=\"350\" height=\"525\" src=\"https:\/\/cphilarioneslava.educacion.navarra.es\/web\/wp-content\/uploads\/2021\/03\/campana.jpg\" alt=\"\" class=\"wp-image-1361 size-full\" srcset=\"https:\/\/cphilarioneslava.educacion.navarra.es\/web\/wp-content\/uploads\/2021\/03\/campana.jpg 350w, https:\/\/cphilarioneslava.educacion.navarra.es\/web\/wp-content\/uploads\/2021\/03\/campana-200x300.jpg 200w\" sizes=\"(max-width: 350px) 100vw, 350px\" \/><\/a><\/figure><div class=\"wp-block-media-text__content\">\n<p class=\"has-large-font-size\">Para consultar el cartel publicitario, haz clic <a href=\"https:\/\/cphilarioneslava.educacion.navarra.es\/web\/wp-content\/uploads\/2021\/03\/71760-MatriculasA52021-PRUEBA2-1.pdf\" target=\"_blank\" rel=\"noreferrer noopener\">aqu\u00ed.<\/a><\/p>\n<\/div><\/div>\n","protected":false},"excerpt":{"rendered":"<p>\u00a1Ven y con\u00f3cenos! Visitas al centro para familias nuevas Solicita cita previa aqu\u00ed. Normativa y plazos para el curso 2026-27 1er Ciclo de Educaci\u00f3n Infantil (Escuela Infantil 0-3). Accede a toda la informaci\u00f3n aqu\u00ed. Las solicitudes se presentar\u00e1n por v\u00eda telem\u00e1tica del 23 de febrero al 6 de marzo. Realiza tu preinscripci\u00f3n aqu\u00ed Si deseas [&hellip;]<\/p>\n","protected":false},"author":1,"featured_media":1235,"parent":0,"menu_order":0,"comment_status":"closed","ping_status":"closed","template":"","meta":{"_genesis_hide_title":false,"_genesis_hide_breadcrumbs":false,"_genesis_hide_singular_image":false,"_genesis_hide_footer_widgets":false,"_genesis_custom_body_class":"","_genesis_custom_post_class":"","_genesis_layout":""},"_links":{"self":[{"href":"https:\/\/cphilarioneslava.educacion.navarra.es\/web\/wp-json\/wp\/v2\/pages\/33"}],"collection":[{"href":"https:\/\/cphilarioneslava.educacion.navarra.es\/web\/wp-json\/wp\/v2\/pages"}],"about":[{"href":"https:\/\/cphilarioneslava.educacion.navarra.es\/web\/wp-json\/wp\/v2\/types\/page"}],"author":[{"embeddable":true,"href":"https:\/\/cphilarioneslava.educacion.navarra.es\/web\/wp-json\/wp\/v2\/users\/1"}],"replies":[{"embeddable":true,"href":"https:\/\/cphilarioneslava.educacion.navarra.es\/web\/wp-json\/wp\/v2\/comments?post=33"}],"version-history":[{"count":86,"href":"https:\/\/cphilarioneslava.educacion.navarra.es\/web\/wp-json\/wp\/v2\/pages\/33\/revisions"}],"predecessor-version":[{"id":3253,"href":"https:\/\/cphilarioneslava.educacion.navarra.es\/web\/wp-json\/wp\/v2\/pages\/33\/revisions\/3253"}],"wp:featuredmedia":[{"embeddable":true,"href":"https:\/\/cphilarioneslava.educacion.navarra.es\/web\/wp-json\/wp\/v2\/media\/1235"}],"wp:attachment":[{"href":"https:\/\/cphilarioneslava.educacion.navarra.es\/web\/wp-json\/wp\/v2\/media?parent=33"}],"curies":[{"name":"wp","href":"https:\/\/api.w.org\/{rel}","templated":true}]}}