{"id":465,"date":"2020-03-18T11:12:36","date_gmt":"2020-03-18T10:12:36","guid":{"rendered":"https:\/\/cphilarioneslava.educacion.navarra.es\/web\/?page_id=465"},"modified":"2024-06-18T08:22:46","modified_gmt":"2024-06-18T06:22:46","slug":"profesorado","status":"publish","type":"page","link":"https:\/\/cphilarioneslava.educacion.navarra.es\/web\/profesorado\/","title":{"rendered":"Profesorado"},"content":{"rendered":"\n<p><strong><u>Educaci\u00f3n Infantil<\/u><\/strong><strong><u><\/u><\/strong><\/p>\n\n\n\n<figure class=\"wp-block-table\"><table class=\"has-black-color has-text-color has-background\" style=\"background-color:#d3f8e9\"><tbody><tr><td>GONZ\u00c1LEZ ECHARRI, ANA<\/td><td>1\u00ba A<\/td><\/tr><tr><td><\/td><td>1\u00ba B<\/td><\/tr><tr><td>VIZCAY SOLA, JAVIER<\/td><td>2\u00ba A<\/td><\/tr><tr><td>CUARTERO MART\u00cdNEZ, ANA<\/td><td>2\u00ba B<\/td><\/tr><tr><td>CRESPO MART\u00cdNEZ, ANA<\/td><td>3\u00ba A<\/td><\/tr><tr><td>SERRANO RODR\u00cdGUEZ, SARA<\/td><td>3\u00ba B<\/td><\/tr><tr><td>FERN\u00c1NDEZ HERRERA, THAILA<\/td><td>APOYO&nbsp;&nbsp;&nbsp;&nbsp;&nbsp;&nbsp;&nbsp;&nbsp;&nbsp;&nbsp;&nbsp;&nbsp; &nbsp;&nbsp;&nbsp;<strong>DIRECTORA<\/strong><\/td><\/tr><tr><td><\/td><td>APOYO<\/td><\/tr><tr><td><\/td><td>APOYO<\/td><\/tr><\/tbody><\/table><\/figure>\n\n\n\n<p><strong><strong><u>Educaci\u00f3n Primaria<\/u><\/strong><\/strong><\/p>\n\n\n\n<figure class=\"wp-block-table\"><table class=\"has-background\" style=\"background-color:#cdf7e6\"><tbody><tr><td><\/td><td><strong>1\u00ba A<\/strong><\/td><\/tr><tr><td>ANDUEZA MORIONES, AMAIA<\/td><td>1\u00ba B<\/td><\/tr><tr><td>JIM\u00c9NEZ JIM\u00c9NEZ, VICKY<\/td><td>2\u00ba A<\/td><\/tr><tr><td>MART\u00cdN CRIST\u00d3BAL, ESTELA<\/td><td>2\u00ba A Cotutora Ingl\u00e9s<\/td><\/tr><tr><td><\/td><td>2\u00ba B<\/td><\/tr><tr><td>L\u00d3PEZ DOM\u00cdNGUEZ, JUAN MIGUEL<\/td><td>3\u00ba A<\/td><\/tr><tr><td>ARREGUI \u00daRIZ, GARBI\u00d1E<\/td><td>3\u00ba A Cotutora Ingl\u00e9s<\/td><\/tr><tr><td>SOLA N\u00da\u00d1EZ, NEREA<\/td><td>3\u00ba B<\/td><\/tr><tr><td><\/td><td>3\u00ba B Cotutora Castellano<\/td><\/tr><tr><td>OCHOA GARC\u00cdA, MAR\u00cdA<\/td><td>4\u00ba A<\/td><\/tr><tr><td>HUALDE ARANDA, AMAIA<\/td><td>4\u00ba B<\/td><\/tr><tr><td>GONZ\u00c1LEZ P\u00c9REZ DE CIRIZA, AMAIA<\/td><td>4\u00ba C                 <strong>SECRETARIA<\/strong><\/td><\/tr><tr><td>GIL ORTEGA, ALICIA<\/td><td>4\u00ba C  Cotutora Castellano<\/td><\/tr><tr><td>EZQUER ILUND\u00c1IN, ADRIANA<\/td><td>5\u00ba A<\/td><\/tr><tr><td>ORESTE ARMEND\u00c1RIZ, MAYRA<\/td><td>5\u00ba B<\/td><\/tr><tr><td>PER\u00c1N SALA, NURIA<\/td><td>6\u00ba A<\/td><\/tr><tr><td><\/td><td>6\u00ba B<\/td><\/tr><tr><td>A\u00d1\u00d3N BEAMONTE, MATILDE<\/td><td>APOYO<\/td><\/tr><tr><td>ALFARO GARC\u00cdA, ALICIA<\/td><td>APOYO        <\/td><\/tr><tr><td>DEL ARCO QUEL, BEATRIZ<\/td><td>APOYO <\/td><\/tr><tr><td>GARC\u00cdA BERNAL, ARANTZA<\/td><td>APOYO         <strong>JEFA DE ESTUDIOS<\/strong><\/td><\/tr><tr><td><\/td><td>APOYO <\/td><\/tr><tr><td><\/td><td>APOYO <\/td><\/tr><\/tbody><\/table><\/figure>\n\n\n\n<p><\/p>\n\n\n\n<p><strong><u>Orientaci\u00f3n-Pedagog\u00eda terap\u00e9iutica-Auci\u00f3n y Lenguaje<\/u><\/strong><\/p>\n\n\n\n<figure class=\"wp-block-table\"><table class=\"has-background\" style=\"background-color:#c6f7e3\"><tbody><tr><td>ARMI\u00d1O NUIN, MILA<\/td><td>PED. TERAP\u00c9UTICA<\/td><\/tr><tr><td>IBERO MART\u00cdNEZ, CHARO<\/td><td>PED. TERAP\u00c9UTICA<\/td><\/tr><tr><td>ARTICA VERGARA, ELIZABETH<\/td><td>PED. TERAP\u00c9UTICA<\/td><\/tr><tr><td><\/td><td>AUDICI\u00d3N Y LENGUAJE<\/td><\/tr><tr><td><\/td><td>AUDICI\u00d3N Y LENGUAJE<\/td><\/tr><tr><td>DE LAS HERAS OSORNO, NOELIA<\/td><td>ORIENTADORA<\/td><\/tr><\/tbody><\/table><\/figure>\n\n\n\n<p><strong><u>M\u00fasica<\/u><\/strong><\/p>\n\n\n\n<figure class=\"wp-block-table\"><table class=\"has-background\" style=\"background-color:#c9fae7\"><tbody><tr><td>GURBINDO GIL, BEATRIZ<\/td><td>&nbsp;&nbsp;&nbsp;&nbsp;&nbsp;&nbsp;&nbsp;&nbsp;&nbsp;&nbsp;&nbsp;&nbsp;&nbsp;&nbsp;&nbsp;&nbsp;&nbsp;&nbsp;&nbsp;&nbsp;<\/td><\/tr><\/tbody><\/table><\/figure>\n\n\n\n<p><strong><u>Euskera<\/u><\/strong><\/p>\n\n\n\n<figure class=\"wp-block-table\"><table class=\"has-background\" style=\"background-color:#bbf8e0\"><tbody><tr><td>BARR\u00d3N P\u00c9REZ, TXUSA<\/td><td><strong>&nbsp;<\/strong>                                  <\/td><\/tr><tr><td><\/td><td><strong>&nbsp;<\/strong><\/td><\/tr><\/tbody><\/table><\/figure>\n\n\n\n<p><strong><u>Educaci\u00f3n F\u00edsica<\/u><\/strong><\/p>\n\n\n\n<figure class=\"wp-block-table\"><table class=\"has-background\" style=\"background-color:#cafae7\"><tbody><tr><td>GAR\u00cdN ARANA, GABRIEL<\/td><td><strong>&nbsp;<\/strong>                              <\/td><\/tr><\/tbody><\/table><\/figure>\n\n\n\n<p><strong><u>Religi\u00f3n<\/u><\/strong><\/p>\n\n\n\n<figure class=\"wp-block-table\"><table class=\"has-background\" style=\"background-color:#c3fae4\"><tbody><tr><td>ESCALERA L\u00d3PEZ, TAMAR<\/td><td><strong>&nbsp;<\/strong>                                <\/td><\/tr><\/tbody><\/table><\/figure>\n\n\n\n<p><\/p>\n","protected":false},"excerpt":{"rendered":"<p>Educaci\u00f3n Infantil GONZ\u00c1LEZ ECHARRI, ANA 1\u00ba A 1\u00ba B VIZCAY SOLA, JAVIER 2\u00ba A CUARTERO MART\u00cdNEZ, ANA 2\u00ba B CRESPO MART\u00cdNEZ, ANA 3\u00ba A SERRANO RODR\u00cdGUEZ, SARA 3\u00ba B FERN\u00c1NDEZ HERRERA, THAILA APOYO&nbsp;&nbsp;&nbsp;&nbsp;&nbsp;&nbsp;&nbsp;&nbsp;&nbsp;&nbsp;&nbsp;&nbsp; &nbsp;&nbsp;&nbsp;DIRECTORA APOYO APOYO Educaci\u00f3n Primaria 1\u00ba A ANDUEZA MORIONES, AMAIA 1\u00ba B JIM\u00c9NEZ JIM\u00c9NEZ, VICKY 2\u00ba A MART\u00cdN CRIST\u00d3BAL, ESTELA 2\u00ba A [&hellip;]<\/p>\n","protected":false},"author":1,"featured_media":244,"parent":0,"menu_order":0,"comment_status":"closed","ping_status":"closed","template":"","meta":{"_genesis_hide_title":false,"_genesis_hide_breadcrumbs":false,"_genesis_hide_singular_image":false,"_genesis_hide_footer_widgets":false,"_genesis_custom_body_class":"","_genesis_custom_post_class":"","_genesis_layout":""},"_links":{"self":[{"href":"https:\/\/cphilarioneslava.educacion.navarra.es\/web\/wp-json\/wp\/v2\/pages\/465"}],"collection":[{"href":"https:\/\/cphilarioneslava.educacion.navarra.es\/web\/wp-json\/wp\/v2\/pages"}],"about":[{"href":"https:\/\/cphilarioneslava.educacion.navarra.es\/web\/wp-json\/wp\/v2\/types\/page"}],"author":[{"embeddable":true,"href":"https:\/\/cphilarioneslava.educacion.navarra.es\/web\/wp-json\/wp\/v2\/users\/1"}],"replies":[{"embeddable":true,"href":"https:\/\/cphilarioneslava.educacion.navarra.es\/web\/wp-json\/wp\/v2\/comments?post=465"}],"version-history":[{"count":12,"href":"https:\/\/cphilarioneslava.educacion.navarra.es\/web\/wp-json\/wp\/v2\/pages\/465\/revisions"}],"predecessor-version":[{"id":2958,"href":"https:\/\/cphilarioneslava.educacion.navarra.es\/web\/wp-json\/wp\/v2\/pages\/465\/revisions\/2958"}],"wp:featuredmedia":[{"embeddable":true,"href":"https:\/\/cphilarioneslava.educacion.navarra.es\/web\/wp-json\/wp\/v2\/media\/244"}],"wp:attachment":[{"href":"https:\/\/cphilarioneslava.educacion.navarra.es\/web\/wp-json\/wp\/v2\/media?parent=465"}],"curies":[{"name":"wp","href":"https:\/\/api.w.org\/{rel}","templated":true}]}}